{"id":1198,"date":"2023-07-17T20:13:46","date_gmt":"2023-07-17T18:13:46","guid":{"rendered":"https:\/\/www.pkvonsgenoegencoevorden.nl\/?page_id=1198"},"modified":"2023-11-06T14:31:19","modified_gmt":"2023-11-06T13:31:19","slug":"prijzenschema-n-b-s-2023-2024","status":"publish","type":"page","link":"https:\/\/www.pkvonsgenoegencoevorden.nl\/index.php\/prijzenschema-n-b-s-2023-2024\/","title":{"rendered":"Prijzenschema N.B.S. 2023-2024"},"content":{"rendered":"\n<figure class=\"wp-block-image aligncenter size-full is-resized\"><img loading=\"lazy\" decoding=\"async\" src=\"https:\/\/www.pkvonsgenoegencoevorden.nl\/wp-content\/uploads\/2023\/07\/NBS-logo.png\" alt=\"Logo NBS\" class=\"wp-image-1199\" width=\"160\" height=\"164\" srcset=\"https:\/\/www.pkvonsgenoegencoevorden.nl\/wp-content\/uploads\/2023\/07\/NBS-logo.png 257w, https:\/\/www.pkvonsgenoegencoevorden.nl\/wp-content\/uploads\/2023\/07\/NBS-logo-113x116.png 113w\" sizes=\"auto, (max-width: 160px) 100vw, 160px\" \/><\/figure>\n\n\n\n<h2 class=\"wp-block-heading\"><strong>NEDERLANDSE BOND VAN SIERDUIVENLIEFHEBBERS-VERENIGINGEN NBS<\/strong><\/h2>\n\n\n\n<p>Secretaris: D.M. Meesters, Aalmoezenier Verheggenstraat 16, 6221 TG Maastricht.<br>Tel.: 06-30414170, e-mail: <a href=\"&#109;&#x61;&#x69;l&#116;&#x6f;:&#115;&#x65;&#x63;r&#101;&#x74;a&#114;&#x69;&#x73;&#64;&#115;&#x69;e&#114;&#x64;&#x75;&#105;&#102;&#x2e;n&#108;\">&#115;&#x65;&#x63;r&#101;&#x74;a&#114;&#x69;s&#64;&#x73;i&#101;&#x72;&#x64;&#117;&#x69;&#x66;&#46;&#110;&#x6c;<\/a>, website: <a href=\"http:\/\/www.sierduif.nl\" target=\"_blank\" rel=\"noreferrer noopener\">www.sierduif.nl<\/a><br>Penningmeester J.D. van Doorn, Burgemeester Baaslaan 21, 4333 LJ Middelburg.<br>Tel. 0118-636309, e-mail: &#x70;&#x65;&#x6e;&#x6e;&#x69;&#x6e;&#x67;&#x6d;&#x65;&#x65;&#x73;&#x74;&#x65;&#x72;&#64;&#115;&#105;&#101;&#114;&#100;&#117;&#105;&#102;&#46;&#110;l<br>Bankrekening: NL17 INGB 0000 4555 17 t.n.v. Ned Bond Sierduivenliefh. verenigingen<\/p>\n\n\n\n<h2 class=\"wp-block-heading\"><strong>NBS-ereprijzen op tentoonstellingen<\/strong><\/h2>\n\n\n\n<p>Voor toekenning van NBS-prijzen op tentoonstellingen gelden de volgende voorwaarden:<\/p>\n\n\n\n<p>a. er moet sprake zijn van een door het FB goedgekeurde tentoonstelling;<br>b. de organiserende vereniging, speciaalclub of tentoonstellingsorganisatie moet lid zijn van de NBS;<br>c. wanneer meer instanties als onder b bedoeld gezamenlijk een tentoonstelling organiseren dan moet tenminste \u00e9\u00e9n van deze instanties lid zijn van de NBS;<br>d. de R-, en E-prijzen mogen enkel worden toegekend aan dieren, waaraan nog geen andere door of namens de tentoonstellingsorganisatie uitgeloofde prijs is toegekend, en minimaal 93 punten hebben behaald.<br>e. de K-prijzen worden toegekend aan de fraaiste sierduif op 1 na van de keuring of op 2 na van de keuring.<br>f. Voor het aantal ingeschreven sierduiven gelden de kooinummers: een voli\u00e8re met sierduiven geldt als \u00e9\u00e9n nummer.<\/p>\n\n\n\n<h2 class=\"wp-block-heading\"><strong>Prijzenschema voor alle tentoonstellingen<\/strong><\/h2>\n\n\n\n<p>Die voldoen aan de hiervoor genoemde voorwaarden, uitgezonderd onderstaande Kampioenschappen en de Bondsshow:<\/p>\n\n\n\n<ol class=\"wp-block-list\" start=\"800\">\n<li>R-prijs van \u20ac 4,00 per 15 kooinummers ter vrije beschikking van de keurmeester.<br>De R-prijs mag niet op een dier vallen waar al een prijs aan is toegekend: zie voorwaarden onder d.<\/li>\n<\/ol>\n\n\n\n<h2 class=\"wp-block-heading\"><strong>Prijzenschema Kampioenschappen<\/strong><\/h2>\n\n\n\n<h4 class=\"wp-block-heading\"><strong>De prijzen worden toegekend op de volgende tentoonstellingen: S.N.N., E.Z.H.S.V. , Keistadshow, Oneto, S.Z.N en Dierenparade Noordshow<\/strong><\/h4>\n\n\n\n<p><em>Per keurmeester bij een keuring van minimaal 50 kooinummers<\/em><\/p>\n\n\n\n<ol class=\"wp-block-list\" start=\"801\">\n<li>NBS-Erecertificaat en \u20ac 10,- voor de fraaiste van zijn keuring bij minimaal 96 punten<\/li>\n\n\n\n<li>K-prijs van \u20ac 7,50 voor de fraaiste op 1 na<\/li>\n<\/ol>\n\n\n\n<p><em>Per keurmeester bij een keuring vanaf 61 kooinummers:<\/em><\/p>\n\n\n\n<ol class=\"wp-block-list\" start=\"801\">\n<li>NBS-Erecertificaat en \u20ac 10,- voor de fraaiste van zijn keuring bij minimaal 96 punten<\/li>\n\n\n\n<li>NBS-Erecertificaat en \u20ac 10,- voor de fraaiste op 1 na van zijn keuring bij minimaal 96 punten<\/li>\n\n\n\n<li>K-prijs van \u20ac 7,50 voor de fraaiste op 2 na<\/li>\n\n\n\n<li>Bronzen eigenslag medaille voor de fraaiste doffer van de show<\/li>\n\n\n\n<li>Bronzen eigenslag medaille voor de fraaiste duivin van de show<\/li>\n\n\n\n<li>R-prijs van \u20ac 5,00 per 15 kooinummers ter vrije beschikking van de keurmeester<\/li>\n<\/ol>\n\n\n\n<p><em>De R-prijs mag niet op een dier vallen waar al een prijs aan is toegekend; zie voorwaarden onder d.<\/em><\/p>\n\n\n\n<p>Indien een sierduif drie keer onder verschillende keurmeesters een NBS-Erecertificaat heeft gewonnen, ontvangt de eigenaar, die tevens de fokker dient te zijn, een NBS-Kampioensdiploma en een verzilverde NBS-medaille. De betreffende erecertificaten dienen hiertoe v\u00f3\u00f3r 1 maart naar Adm. Erecertificaten: R. Bijkerk, Botanicahof, Hofstraat 63, app. A 11, 9671 KZ Winschoten te worden gezonden.<\/p>\n\n\n\n<h2 class=\"wp-block-heading\"><strong>Prijzenschema Bondsshow \u2013 Gelderlandshow<\/strong><\/h2>\n\n\n\n<p>Ter gelegenheid van het 100-jarig jubileum van de NBS ontvangt iedere inzender van sierduiven een fraaie herinneringsplaquette (een \u00e9\u00e9nmalige uitgave).<\/p>\n\n\n\n<p><em>Per keurmeester bij een keuring van minimaal 50 kooinummers:<\/em><\/p>\n\n\n\n<ol class=\"wp-block-list\" start=\"809\">\n<li>NBS-Erecertificaat en \u20ac 10,- voor de fraaiste van zijn keuring bij minimaal 96 punten<\/li>\n\n\n\n<li>K-prijs van \u20ac 7,50 voor de fraaiste op 1 na<\/li>\n<\/ol>\n\n\n\n<p>Per keurmeester bij een keuring vanaf 61 kooinummers:<\/p>\n\n\n\n<ol class=\"wp-block-list\" start=\"809\">\n<li>NBS-Erecertificaat en \u20ac 10,- voor de fraaiste van zijn keuring bij minimaal 96 punten<\/li>\n\n\n\n<li>NBS-Erecertificaat en \u20ac 10,- voor de fraaiste op 1 na van zijn keuring bij minimaal 96 punten<\/li>\n\n\n\n<li>K-prijs van \u20ac 7,50 voor de fraaiste op 2 na<\/li>\n\n\n\n<li>Verzilverde NBS-medaille voor de fraaiste oude doffer<\/li>\n\n\n\n<li>Verzilverde NBS-medaille voor de fraaiste oude duivin<\/li>\n\n\n\n<li>Verzilverde NBS-medaille voor de fraaiste jonge doffer<\/li>\n\n\n\n<li>Verzilverde NBS-medaille voor de fraaiste jonge duivin<\/li>\n<\/ol>\n\n\n\n<ol class=\"wp-block-list\" start=\"809\">\n<li>Plaquette Entente Europ\u00e9ene d\u2019Aviculture voor de fraaiste sierduif van de show (indien plaquette beschikbaar is)<\/li>\n<\/ol>\n\n\n\n<ol class=\"wp-block-list\" start=\"809\">\n<li>R-prijs van \u20ac 5,00 per 15 kooinummers ter vrije beschikking van de keurmeester.<\/li>\n<\/ol>\n\n\n\n<p><em>De R-prijs mag niet op een dier vallen waar al een prijs aan is toegekend; zie voorwaarden onder d. <\/em>Prijzen alleen te winnen door jeugdleden jonger dan 17 jaar:<\/p>\n\n\n\n<ol class=\"wp-block-list\" start=\"809\">\n<li>Verzilverde NBS-medaille voor de fraaiste doffer<\/li>\n\n\n\n<li>Verzilverde NBS-medaille voor de fraaiste duivin<\/li>\n<\/ol>\n\n\n\n<p>Extra prijzen speciaalclubs:<\/p>\n\n\n\n<p>Voor rassen waarvan de speciaalclubs de clubshow bij de Bondsshow hebben ondergebracht, worden extra prijzen beschikbaar gesteld. In die rassen mag een keurmeester toekennen:<\/p>\n\n\n\n<ol class=\"wp-block-list\" start=\"809\">\n<li>E-prijs van \u20ac 5,00 per 15 ingeschreven sierduiven ter vrije beschikking van de keurmeester binnen de rassen van die speciaalclub.<\/li>\n<\/ol>\n\n\n\n<p><em>De E-prijs mag niet op een dier vallen waar al een prijs aan is toegekend; zie voorwaarden onder d.<\/em><\/p>\n\n\n\n<h2 class=\"wp-block-heading\"><strong>Prijzenschema speciale jeugdtentoonstellingen<\/strong><\/h2>\n\n\n\n<ol class=\"wp-block-list\" start=\"823\">\n<li>Bronzen eigenslag medaille voor de fraaiste doffer van de show<\/li>\n\n\n\n<li>Bronzen eigenslag medaille voor de fraaiste duivin van de show<\/li>\n\n\n\n<li>Oorkonde voor iedere deelnemer <\/li>\n<\/ol>\n\n\n\n<p>Aanvullende voorwaarde:<\/p>\n\n\n\n<ul class=\"wp-block-list\" start=\"823\">\n<li>er moet sprake zijn van een Jeugdshow als landelijk evenement of van een duidelijk gescheiden Jeugdshow, ondergebracht bij een Nationale Tentoonstelling.<\/li>\n\n\n\n<li>er moet sprake zijn van concurrentie, hetgeen betekent dat meer dan \u00e9\u00e9n jeugdlid aan de onderhavige show moet mee doen.<\/li>\n\n\n\n<li>als tevens het Kampioenschap of de Bondsshow wordt gehouden, gelden de jeugdprijzen alleen voor de afgesplitste Jeugdshow.<\/li>\n<\/ul>\n\n\n\n<h2 class=\"wp-block-heading\"><strong>Extra Bondsprijzen \/ Kampioenschappen<\/strong><\/h2>\n\n\n\n<p><em><strong>In het kader van 100-jaar NBS en promotie-aspect rond dit jubileum worden op de volgende tentoonstellingen \u00f3\u00f3k NBS-Erecertificaten en bondsprijzen uitgegeven <\/strong><\/em><em><u><strong>onder de voorwaarde dat op de show minimaal 200 sierduiven zijn ingeschreven, zie de voorwaarde onder f.<\/strong><\/u><\/em><\/p>\n\n\n\n<p>De prijzen worden toegekend op de volgende tentoonstellingen:<\/p>\n\n\n\n<p><strong>Peel- en Maasdalshow, Kernhemshow, Midden Drenthe Show te Beilen, Van Pallandt Show en Zeelandia-Show<\/strong><\/p>\n\n\n\n<p><em>Per keurmeester bij een keuring van minimaal 50 kooinummers<\/em><\/p>\n\n\n\n<ol class=\"wp-block-list\" start=\"826\">\n<li>NBS-Erecertificaat en \u20ac 10,- voor de fraaiste van zijn keuring bij minimaal 96 punten<\/li>\n\n\n\n<li>K-prijs van \u20ac 7,50 voor de fraaiste op 1 na<\/li>\n<\/ol>\n\n\n\n<p><em>Per keurmeester bij een keuring vanaf 61 kooinummers:<\/em><\/p>\n\n\n\n<ol class=\"wp-block-list\" start=\"826\">\n<li>NBS-Erecertificaat en \u20ac 10,- voor de fraaiste van zijn keuring bij minimaal 96 punten<\/li>\n\n\n\n<li>NBS-Erecertificaat en \u20ac 10,- voor de fraaiste op 1 na van zijn keuring bij minimaal 96 punten<\/li>\n\n\n\n<li>K-prijs van \u20ac 7,50 voor de fraaiste op 2 na<\/li>\n<\/ol>\n\n\n\n<ol class=\"wp-block-list\" start=\"826\">\n<li>Bronzen eigenslag medaille voor de fraaiste doffer van de show<\/li>\n\n\n\n<li>Bronzen eigenslag medaille voor de fraaiste duivin van de show<\/li>\n\n\n\n<li>R-prijs van \u20ac 5,00 per 15 kooinummers ter vrije beschikking van de keurmeester<\/li>\n<\/ol>\n\n\n\n<p><em>De R-prijs mag niet op een dier vallen waar al een prijs aan is toegekend; zie voorwaarden onder d.<\/em><\/p>\n\n\n\n<h2 class=\"wp-block-heading\"><strong>Nationaal kampioen \u201cRas van het jaar\u201d<\/strong><\/h2>\n\n\n\n<p>Het bestuur maakt ruim van te voren bekend welk duivenras \u201cRas van het jaar\u201d wordt, dit kan bv. op voordracht van een speciaalclub die in dat jaar een jubileum heeft, of een later jaar.<\/p>\n\n\n\n<p>Voorstellen daartoe moeten worden ingediend v\u00f3\u00f3r 1 maart bij de secretaris van de NBS. De toewijzing vindt plaats op de algemene ledenvergadering in juni.<\/p>\n\n\n\n<p>De winnaar van het \u201cRas van het jaar\u201d ontvangt op de ALV een fraaie ereprijs, deze is te winnen door op \u00e9\u00e9n Kampioenschap \u00e8n de NBS Bondsshow met een kwartet duiven (mo, vo, mj en vj) van dat ras het hoogste aantal punten te behalen. Bij gelijk aantal punten beslist het lot.<\/p>\n\n\n\n<h2 class=\"wp-block-heading\"><strong>Nationaal kampioen rasgroep<\/strong><\/h2>\n\n\n\n<p>De NBS looft in iedere rasgroep, zoals hieronder genoemd, een Nationaal kampioen uit. De Nationaal kampioen ontvangt op de ALV een fraaie ereprijs.<\/p>\n\n\n\n<p>Deze ereprijs is te winnen door op \u00e9\u00e9n Kampioenschap \u00e8n de NBS Bondsshow met een kwartet duiven (mo, vo, mj en vj) van dat ras het hoogste aantal punten te behalen. Bij gelijk aantal punten beslist het lot. De 5 groepen waarvoor een Nationaal Kampioenschap gewonnen kan worden, zijn:<\/p>\n\n\n\n<p>a. Kropperrassen<br>b. Kip-, wrat en vormduivenrassen<br>c. Meeuwenrassen<br>d. Structuur-, trommel- en kleurduivenrassen<br>e. Tuimelaarrassen<\/p>\n\n\n\n<h2 class=\"wp-block-heading\">Uitbetaling van de R-prijzen van de NBS<\/h2>\n\n\n\n<p>Het aanvraagformulier voor uitbetaling van de <strong><em>R-prijzen<\/em><\/strong> dient te worden gedownload van de website van de NBS (<a href=\"http:\/\/www.sierduif.nl\" target=\"_blank\" rel=\"noreferrer noopener\">www.sierduif.nl<\/a>)<\/p>\n\n\n\n<p>Dit aanvraagformulier dient samen met het vraagprogramma en de catalogus te worden gestuurd naar de penningmeester van de NBS:  J.D. van Doorn, Burgemeester Baaslaan 21, 4333 LJ Middelburg.<\/p>\n\n\n\n<p><em><strong>Let op: adres is gewijzigd !<\/strong><\/em><\/p>\n\n\n\n<p><strong><em>Kampioenschappen \/ Bondsshow<\/em><\/strong><\/p>\n\n\n\n<p>De tentoonstellingsorganisaties waar de Kampioenschappen en de Extra Bondsprijzen zijn ondergebracht, alsmede de Bondsshow, ontvangen van de NBS een speciaal aanvraagformulier.<\/p>\n\n\n\n<p>Voorts dienen zij het invulformulier met de gegevens over de kampioenen \u00e8n de volledig ingevulde certificaatstroken, met het vraagprogramma \u00e8n een papieren catalogus te zenden naar: Adm. Erecertificaten: R. Bijkerk, Botanicahof, Hofstraat 63, app. A 11, 9671 KZ Winschoten.<\/p>\n\n\n\n<p><strong><em>Let op: adres is gewijzigd !<\/em><\/strong><\/p>\n\n\n\n<p><\/p>\n\n\n\n<p class=\"has-text-align-center\"><strong><em>De tent. organisatie hoeft niets op te sturen naar het secretariaat !!<\/em><\/strong><\/p>\n","protected":false},"excerpt":{"rendered":"<p>NEDERLANDSE BOND VAN SIERDUIVENLIEFHEBBERS-VERENIGINGEN NBS Secretaris: D.M. Meesters, Aalmoezenier Verheggenstraat 16, 6221 TG Maastricht.Tel.: 06-30414170, e-mail: secretaris&#64;sierduif&#46;nl, website: www.sierduif.nlPenningmeester J.D. van Doorn, Burgemeester Baaslaan 21, 4333 LJ Middelburg.Tel. 0118-636309, e-mail: [&hellip;]<\/p>\n","protected":false},"author":4,"featured_media":0,"parent":0,"menu_order":0,"comment_status":"closed","ping_status":"closed","template":"","meta":{"_mo_disable_npp":"","site-sidebar-layout":"default","site-content-layout":"","ast-site-content-layout":"default","site-content-style":"default","site-sidebar-style":"default","ast-global-header-display":"","ast-banner-title-visibility":"","ast-main-header-display":"","ast-hfb-above-header-display":"","ast-hfb-below-header-display":"","ast-hfb-mobile-header-display":"","site-post-title":"","ast-breadcrumbs-content":"","ast-featured-img":"","footer-sml-layout":"","ast-disable-related-posts":"","theme-transparent-header-meta":"","adv-header-id-meta":"","stick-header-meta":"","header-above-stick-meta":"","header-main-stick-meta":"","header-below-stick-meta":"","astra-migrate-meta-layouts":"default","ast-page-background-enabled":"default","ast-page-background-meta":{"desktop":{"background-color":"var(--ast-global-color-4)","background-image":"","background-repeat":"repeat","background-position":"center center","background-size":"auto","background-attachment":"scroll","background-type":"","background-media":"","overlay-type":"","overlay-color":"","overlay-opacity":"","overlay-gradient":""},"tablet":{"background-color":"","background-image":"","background-repeat":"repeat","background-position":"center center","background-size":"auto","background-attachment":"scroll","background-type":"","background-media":"","overlay-type":"","overlay-color":"","overlay-opacity":"","overlay-gradient":""},"mobile":{"background-color":"","background-image":"","background-repeat":"repeat","background-position":"center center","background-size":"auto","background-attachment":"scroll","background-type":"","background-media":"","overlay-type":"","overlay-color":"","overlay-opacity":"","overlay-gradient":""}},"ast-content-background-meta":{"desktop":{"background-color":"var(--ast-global-color-5)","background-image":"","background-repeat":"repeat","background-position":"center center","background-size":"auto","background-attachment":"scroll","background-type":"","background-media":"","overlay-type":"","overlay-color":"","overlay-opacity":"","overlay-gradient":""},"tablet":{"background-color":"var(--ast-global-color-5)","background-image":"","background-repeat":"repeat","background-position":"center center","background-size":"auto","background-attachment":"scroll","background-type":"","background-media":"","overlay-type":"","overlay-color":"","overlay-opacity":"","overlay-gradient":""},"mobile":{"background-color":"var(--ast-global-color-5)","background-image":"","background-repeat":"repeat","background-position":"center center","background-size":"auto","background-attachment":"scroll","background-type":"","background-media":"","overlay-type":"","overlay-color":"","overlay-opacity":"","overlay-gradient":""}},"ngg_post_thumbnail":0,"footnotes":""},"class_list":["post-1198","page","type-page","status-publish","hentry"],"yoast_head":"<title>Prijzenschema N.B.S. 2023-2024 - PKV &quot;Ons Genoegen&quot;<\/title>\n<meta name=\"robots\" content=\"index, follow, max-snippet:-1, max-image-preview:large, max-video-preview:-1\" \/>\n<link rel=\"canonical\" href=\"https:\/\/www.pkvonsgenoegencoevorden.nl\/index.php\/prijzenschema-n-b-s-2023-2024\/\" \/>\n<meta property=\"og:locale\" content=\"nl_NL\" \/>\n<meta property=\"og:type\" content=\"article\" \/>\n<meta property=\"og:title\" content=\"Prijzenschema N.B.S. 2023-2024 - PKV &quot;Ons Genoegen&quot;\" \/>\n<meta property=\"og:description\" content=\"NEDERLANDSE BOND VAN SIERDUIVENLIEFHEBBERS-VERENIGINGEN NBS Secretaris: D.M. Meesters, Aalmoezenier Verheggenstraat 16, 6221 TG Maastricht.Tel.: 06-30414170, e-mail: &#x73;&#x65;&#x63;&#x72;&#x65;&#x74;&#x61;&#x72;&#x69;&#x73;&#x40;&#x73;&#x69;&#x65;&#114;&#100;&#117;&#105;&#102;&#046;&#110;&#108;, website: www.sierduif.nlPenningmeester J.D. van Doorn, Burgemeester Baaslaan 21, 4333 LJ Middelburg.Tel. 0118-636309, e-mail: [&hellip;]\" \/>\n<meta property=\"og:url\" content=\"https:\/\/www.pkvonsgenoegencoevorden.nl\/index.php\/prijzenschema-n-b-s-2023-2024\/\" \/>\n<meta property=\"og:site_name\" content=\"PKV &quot;Ons Genoegen&quot;\" \/>\n<meta property=\"article:modified_time\" content=\"2023-11-06T13:31:19+00:00\" \/>\n<meta property=\"og:image\" content=\"https:\/\/www.pkvonsgenoegencoevorden.nl\/wp-content\/uploads\/2023\/07\/NBS-logo.png\" \/>\n<meta name=\"twitter:card\" content=\"summary_large_image\" \/>\n<meta name=\"twitter:label1\" content=\"Geschatte leestijd\" \/>\n\t<meta name=\"twitter:data1\" content=\"7 minuten\" \/>\n<script type=\"application\/ld+json\" class=\"yoast-schema-graph\">{\"@context\":\"https:\\\/\\\/schema.org\",\"@graph\":[{\"@type\":\"WebPage\",\"@id\":\"https:\\\/\\\/www.pkvonsgenoegencoevorden.nl\\\/index.php\\\/prijzenschema-n-b-s-2023-2024\\\/\",\"url\":\"https:\\\/\\\/www.pkvonsgenoegencoevorden.nl\\\/index.php\\\/prijzenschema-n-b-s-2023-2024\\\/\",\"name\":\"Prijzenschema N.B.S. 2023-2024 - PKV &quot;Ons Genoegen&quot;\",\"isPartOf\":{\"@id\":\"https:\\\/\\\/www.pkvonsgenoegencoevorden.nl\\\/#website\"},\"primaryImageOfPage\":{\"@id\":\"https:\\\/\\\/www.pkvonsgenoegencoevorden.nl\\\/index.php\\\/prijzenschema-n-b-s-2023-2024\\\/#primaryimage\"},\"image\":{\"@id\":\"https:\\\/\\\/www.pkvonsgenoegencoevorden.nl\\\/index.php\\\/prijzenschema-n-b-s-2023-2024\\\/#primaryimage\"},\"thumbnailUrl\":\"https:\\\/\\\/www.pkvonsgenoegencoevorden.nl\\\/wp-content\\\/uploads\\\/2023\\\/07\\\/NBS-logo.png\",\"datePublished\":\"2023-07-17T18:13:46+00:00\",\"dateModified\":\"2023-11-06T13:31:19+00:00\",\"breadcrumb\":{\"@id\":\"https:\\\/\\\/www.pkvonsgenoegencoevorden.nl\\\/index.php\\\/prijzenschema-n-b-s-2023-2024\\\/#breadcrumb\"},\"inLanguage\":\"nl-NL\",\"potentialAction\":[{\"@type\":\"ReadAction\",\"target\":[\"https:\\\/\\\/www.pkvonsgenoegencoevorden.nl\\\/index.php\\\/prijzenschema-n-b-s-2023-2024\\\/\"]}]},{\"@type\":\"ImageObject\",\"inLanguage\":\"nl-NL\",\"@id\":\"https:\\\/\\\/www.pkvonsgenoegencoevorden.nl\\\/index.php\\\/prijzenschema-n-b-s-2023-2024\\\/#primaryimage\",\"url\":\"https:\\\/\\\/www.pkvonsgenoegencoevorden.nl\\\/wp-content\\\/uploads\\\/2023\\\/07\\\/NBS-logo.png\",\"contentUrl\":\"https:\\\/\\\/www.pkvonsgenoegencoevorden.nl\\\/wp-content\\\/uploads\\\/2023\\\/07\\\/NBS-logo.png\",\"width\":257,\"height\":264,\"caption\":\"Logo NBS\"},{\"@type\":\"BreadcrumbList\",\"@id\":\"https:\\\/\\\/www.pkvonsgenoegencoevorden.nl\\\/index.php\\\/prijzenschema-n-b-s-2023-2024\\\/#breadcrumb\",\"itemListElement\":[{\"@type\":\"ListItem\",\"position\":1,\"name\":\"Home\",\"item\":\"https:\\\/\\\/www.pkvonsgenoegencoevorden.nl\\\/\"},{\"@type\":\"ListItem\",\"position\":2,\"name\":\"Prijzenschema N.B.S. 2023-2024\"}]},{\"@type\":\"WebSite\",\"@id\":\"https:\\\/\\\/www.pkvonsgenoegencoevorden.nl\\\/#website\",\"url\":\"https:\\\/\\\/www.pkvonsgenoegencoevorden.nl\\\/\",\"name\":\"PKV Ons Genoegen\",\"description\":\"PKV Ons Genoegen Coevorden\",\"publisher\":{\"@id\":\"https:\\\/\\\/www.pkvonsgenoegencoevorden.nl\\\/#organization\"},\"potentialAction\":[{\"@type\":\"SearchAction\",\"target\":{\"@type\":\"EntryPoint\",\"urlTemplate\":\"https:\\\/\\\/www.pkvonsgenoegencoevorden.nl\\\/?s={search_term_string}\"},\"query-input\":{\"@type\":\"PropertyValueSpecification\",\"valueRequired\":true,\"valueName\":\"search_term_string\"}}],\"inLanguage\":\"nl-NL\"},{\"@type\":\"Organization\",\"@id\":\"https:\\\/\\\/www.pkvonsgenoegencoevorden.nl\\\/#organization\",\"name\":\"PKV \\\"Ons Genoegen\\\" Coevorden\",\"url\":\"https:\\\/\\\/www.pkvonsgenoegencoevorden.nl\\\/\",\"logo\":{\"@type\":\"ImageObject\",\"inLanguage\":\"nl-NL\",\"@id\":\"https:\\\/\\\/www.pkvonsgenoegencoevorden.nl\\\/#\\\/schema\\\/logo\\\/image\\\/\",\"url\":\"https:\\\/\\\/www.pkvonsgenoegencoevorden.nl\\\/wp-content\\\/uploads\\\/2022\\\/07\\\/rsz_logo-6.jpg\",\"contentUrl\":\"https:\\\/\\\/www.pkvonsgenoegencoevorden.nl\\\/wp-content\\\/uploads\\\/2022\\\/07\\\/rsz_logo-6.jpg\",\"width\":125,\"height\":113,\"caption\":\"PKV \\\"Ons Genoegen\\\" Coevorden\"},\"image\":{\"@id\":\"https:\\\/\\\/www.pkvonsgenoegencoevorden.nl\\\/#\\\/schema\\\/logo\\\/image\\\/\"}}]}<\/script>","yoast_head_json":{"title":"Prijzenschema N.B.S. 2023-2024 - PKV &quot;Ons Genoegen&quot;","robots":{"index":"index","follow":"follow","max-snippet":"max-snippet:-1","max-image-preview":"max-image-preview:large","max-video-preview":"max-video-preview:-1"},"canonical":"https:\/\/www.pkvonsgenoegencoevorden.nl\/index.php\/prijzenschema-n-b-s-2023-2024\/","og_locale":"nl_NL","og_type":"article","og_title":"Prijzenschema N.B.S. 2023-2024 - PKV &quot;Ons Genoegen&quot;","og_description":"NEDERLANDSE BOND VAN SIERDUIVENLIEFHEBBERS-VERENIGINGEN NBS Secretaris: D.M. Meesters, Aalmoezenier Verheggenstraat 16, 6221 TG Maastricht.Tel.: 06-30414170, e-mail: &#x73;&#x65;&#x63;&#x72;&#x65;&#x74;&#x61;&#x72;&#x69;&#x73;&#x40;&#x73;&#x69;&#x65;&#114;&#100;&#117;&#105;&#102;&#46;&#110;&#108;, website: www.sierduif.nlPenningmeester J.D. van Doorn, Burgemeester Baaslaan 21, 4333 LJ Middelburg.Tel. 0118-636309, e-mail: [&hellip;]","og_url":"https:\/\/www.pkvonsgenoegencoevorden.nl\/index.php\/prijzenschema-n-b-s-2023-2024\/","og_site_name":"PKV &quot;Ons Genoegen&quot;","article_modified_time":"2023-11-06T13:31:19+00:00","og_image":[{"url":"https:\/\/www.pkvonsgenoegencoevorden.nl\/wp-content\/uploads\/2023\/07\/NBS-logo.png","type":"","width":"","height":""}],"twitter_card":"summary_large_image","twitter_misc":{"Geschatte leestijd":"7 minuten"},"schema":{"@context":"https:\/\/schema.org","@graph":[{"@type":"WebPage","@id":"https:\/\/www.pkvonsgenoegencoevorden.nl\/index.php\/prijzenschema-n-b-s-2023-2024\/","url":"https:\/\/www.pkvonsgenoegencoevorden.nl\/index.php\/prijzenschema-n-b-s-2023-2024\/","name":"Prijzenschema N.B.S. 2023-2024 - PKV &quot;Ons Genoegen&quot;","isPartOf":{"@id":"https:\/\/www.pkvonsgenoegencoevorden.nl\/#website"},"primaryImageOfPage":{"@id":"https:\/\/www.pkvonsgenoegencoevorden.nl\/index.php\/prijzenschema-n-b-s-2023-2024\/#primaryimage"},"image":{"@id":"https:\/\/www.pkvonsgenoegencoevorden.nl\/index.php\/prijzenschema-n-b-s-2023-2024\/#primaryimage"},"thumbnailUrl":"https:\/\/www.pkvonsgenoegencoevorden.nl\/wp-content\/uploads\/2023\/07\/NBS-logo.png","datePublished":"2023-07-17T18:13:46+00:00","dateModified":"2023-11-06T13:31:19+00:00","breadcrumb":{"@id":"https:\/\/www.pkvonsgenoegencoevorden.nl\/index.php\/prijzenschema-n-b-s-2023-2024\/#breadcrumb"},"inLanguage":"nl-NL","potentialAction":[{"@type":"ReadAction","target":["https:\/\/www.pkvonsgenoegencoevorden.nl\/index.php\/prijzenschema-n-b-s-2023-2024\/"]}]},{"@type":"ImageObject","inLanguage":"nl-NL","@id":"https:\/\/www.pkvonsgenoegencoevorden.nl\/index.php\/prijzenschema-n-b-s-2023-2024\/#primaryimage","url":"https:\/\/www.pkvonsgenoegencoevorden.nl\/wp-content\/uploads\/2023\/07\/NBS-logo.png","contentUrl":"https:\/\/www.pkvonsgenoegencoevorden.nl\/wp-content\/uploads\/2023\/07\/NBS-logo.png","width":257,"height":264,"caption":"Logo NBS"},{"@type":"BreadcrumbList","@id":"https:\/\/www.pkvonsgenoegencoevorden.nl\/index.php\/prijzenschema-n-b-s-2023-2024\/#breadcrumb","itemListElement":[{"@type":"ListItem","position":1,"name":"Home","item":"https:\/\/www.pkvonsgenoegencoevorden.nl\/"},{"@type":"ListItem","position":2,"name":"Prijzenschema N.B.S. 2023-2024"}]},{"@type":"WebSite","@id":"https:\/\/www.pkvonsgenoegencoevorden.nl\/#website","url":"https:\/\/www.pkvonsgenoegencoevorden.nl\/","name":"PKV Ons Genoegen","description":"PKV Ons Genoegen Coevorden","publisher":{"@id":"https:\/\/www.pkvonsgenoegencoevorden.nl\/#organization"},"potentialAction":[{"@type":"SearchAction","target":{"@type":"EntryPoint","urlTemplate":"https:\/\/www.pkvonsgenoegencoevorden.nl\/?s={search_term_string}"},"query-input":{"@type":"PropertyValueSpecification","valueRequired":true,"valueName":"search_term_string"}}],"inLanguage":"nl-NL"},{"@type":"Organization","@id":"https:\/\/www.pkvonsgenoegencoevorden.nl\/#organization","name":"PKV \"Ons Genoegen\" Coevorden","url":"https:\/\/www.pkvonsgenoegencoevorden.nl\/","logo":{"@type":"ImageObject","inLanguage":"nl-NL","@id":"https:\/\/www.pkvonsgenoegencoevorden.nl\/#\/schema\/logo\/image\/","url":"https:\/\/www.pkvonsgenoegencoevorden.nl\/wp-content\/uploads\/2022\/07\/rsz_logo-6.jpg","contentUrl":"https:\/\/www.pkvonsgenoegencoevorden.nl\/wp-content\/uploads\/2022\/07\/rsz_logo-6.jpg","width":125,"height":113,"caption":"PKV \"Ons Genoegen\" Coevorden"},"image":{"@id":"https:\/\/www.pkvonsgenoegencoevorden.nl\/#\/schema\/logo\/image\/"}}]}},"_links":{"self":[{"href":"https:\/\/www.pkvonsgenoegencoevorden.nl\/index.php\/wp-json\/wp\/v2\/pages\/1198","targetHints":{"allow":["GET"]}}],"collection":[{"href":"https:\/\/www.pkvonsgenoegencoevorden.nl\/index.php\/wp-json\/wp\/v2\/pages"}],"about":[{"href":"https:\/\/www.pkvonsgenoegencoevorden.nl\/index.php\/wp-json\/wp\/v2\/types\/page"}],"author":[{"embeddable":true,"href":"https:\/\/www.pkvonsgenoegencoevorden.nl\/index.php\/wp-json\/wp\/v2\/users\/4"}],"replies":[{"embeddable":true,"href":"https:\/\/www.pkvonsgenoegencoevorden.nl\/index.php\/wp-json\/wp\/v2\/comments?post=1198"}],"version-history":[{"count":0,"href":"https:\/\/www.pkvonsgenoegencoevorden.nl\/index.php\/wp-json\/wp\/v2\/pages\/1198\/revisions"}],"wp:attachment":[{"href":"https:\/\/www.pkvonsgenoegencoevorden.nl\/index.php\/wp-json\/wp\/v2\/media?parent=1198"}],"curies":[{"name":"wp","href":"https:\/\/api.w.org\/{rel}","templated":true}]}}